{"id":2877,"date":"2023-05-12T10:35:40","date_gmt":"2023-05-12T08:35:40","guid":{"rendered":"https:\/\/speedprint.wien\/products\/express-wire-spiral-binding\/"},"modified":"2026-02-19T11:41:33","modified_gmt":"2026-02-19T10:41:33","slug":"express-wire-spiral-binding","status":"publish","type":"page","link":"https:\/\/speedprint.wien\/en\/products\/express-wire-spiral-binding\/","title":{"rendered":"Express wire spiral binding"},"content":{"rendered":"<p>[et_pb_section fb_built=&#8221;1&#8243; _builder_version=&#8221;4.16&#8243; _module_preset=&#8221;default&#8221; global_colors_info=&#8221;{}&#8221;][et_pb_row column_structure=&#8221;2_3,1_3&#8243; _builder_version=&#8221;4.16&#8243; _module_preset=&#8221;default&#8221; custom_padding=&#8221;||0px||false|false&#8221; global_colors_info=&#8221;{}&#8221;][et_pb_column type=&#8221;2_3&#8243; _builder_version=&#8221;4.16&#8243; _module_preset=&#8221;default&#8221; global_colors_info=&#8221;{}&#8221;][et_pb_text _builder_version=&#8221;4.20.2&#8243; _module_preset=&#8221;default&#8221; global_colors_info=&#8221;{}&#8221;]<\/p>\n<h1>Express wire spiral binding<\/h1>\n<h2>versatile, fast &amp; affordable<\/h2>\n<p>&nbsp;<\/p>\n<p>Use this printing medium to present your documents professionally and neatly:<br \/>Wire spiral binding.<\/p>\n<p>Choose from several colors.<\/p>\n<p>Includes a transparent protective film at the beginning and a 270g thick linen-embossed cardboard spine at the end.<\/p>\n<p>We deliver from this range from just ONE PIECE!<\/p>\n<p>[\/et_pb_text][\/et_pb_column][et_pb_column type=&#8221;1_3&#8243; _builder_version=&#8221;4.16&#8243; _module_preset=&#8221;default&#8221; global_colors_info=&#8221;{}&#8221;][et_pb_image src=&#8221;https:\/\/speedprint.wien\/wp-content\/uploads\/2023\/05\/Speedprint-Wien-Express-Drahtspiralbindung-750px.jpg&#8221; title_text=&#8221;Speedprint Vienna express wire spiral binding&#8221; disabled_on=&#8221;off|off|off&#8221; _builder_version=&#8221;4.20.2&#8243; _module_preset=&#8221;default&#8221; global_colors_info=&#8221;{}&#8221;][\/et_pb_image][\/et_pb_column][\/et_pb_row][et_pb_row column_structure=&#8221;1_4,1_4,1_4,1_4&#8243; _builder_version=&#8221;4.18.0&#8243; _module_preset=&#8221;default&#8221; custom_padding=&#8221;||||false|false&#8221; global_colors_info=&#8221;{}&#8221;][et_pb_column type=&#8221;1_4&#8243; _builder_version=&#8221;4.16&#8243; _module_preset=&#8221;default&#8221; global_colors_info=&#8221;{}&#8221;][et_pb_text admin_label=&#8221;Formate&#8221; _builder_version=&#8221;4.20.2&#8243; _module_preset=&#8221;default&#8221; global_colors_info=&#8221;{}&#8221;]<\/p>\n<h3>Choose between different formats<\/h3>\n<ul>\n<li>Portrait format: A4, A5, A6<\/li>\n<li>Landscape format: A3, A4, A5, A6<\/li>\n<li>Custom formats up to 297 mm x 297 mm possible<\/li>\n<\/ul>\n<p>&nbsp;<\/p>\n<p>[\/et_pb_text][\/et_pb_column][et_pb_column type=&#8221;1_4&#8243; _builder_version=&#8221;4.16&#8243; _module_preset=&#8221;default&#8221; global_colors_info=&#8221;{}&#8221;][et_pb_text admin_label=&#8221;Spiralst\u00e4rke&#8221; _builder_version=&#8221;4.20.2&#8243; _module_preset=&#8221;default&#8221; global_colors_info=&#8221;{}&#8221;]<\/p>\n<h3>Select the desired spiral thickness<\/h3>\n<ul>\n<li>3:1 &#8211; narrow, medium, wide<\/li>\n<li>2:1 &#8211; extra wide<\/li>\n<\/ul>\n<p>&nbsp;<\/p>\n<p>[\/et_pb_text][\/et_pb_column][et_pb_column type=&#8221;1_4&#8243; _builder_version=&#8221;4.16&#8243; _module_preset=&#8221;default&#8221; global_colors_info=&#8221;{}&#8221;][et_pb_text disabled_on=&#8221;off|off|off&#8221; admin_label=&#8221;Drahtspiralfarben&#8221; _builder_version=&#8221;4.20.2&#8243; _module_preset=&#8221;default&#8221; global_colors_info=&#8221;{}&#8221;]<\/p>\n<h3>Select the wire spiral color<\/h3>\n<ul>\n<li>silver<\/li>\n<li>Black<\/li>\n<li>White<\/li>\n<\/ul>\n<p>&nbsp;<\/p>\n<p>[\/et_pb_text][\/et_pb_column][et_pb_column type=&#8221;1_4&#8243; _builder_version=&#8221;4.16&#8243; _module_preset=&#8221;default&#8221; global_colors_info=&#8221;{}&#8221;][et_pb_text admin_label=&#8221;R\u00fcckenkartonfarbe&#8221; _builder_version=&#8221;4.20.2&#8243; _module_preset=&#8221;default&#8221; global_colors_info=&#8221;{}&#8221;]<\/p>\n<h3>Select the back cardboard color<\/h3>\n<ul>\n<li>White<\/li>\n<li>Black<\/li>\n<li>Special colors on request<\/li>\n<\/ul>\n<p>[\/et_pb_text][\/et_pb_column][\/et_pb_row][et_pb_row column_structure=&#8221;3_5,2_5&#8243; _builder_version=&#8221;4.18.0&#8243; _module_preset=&#8221;default&#8221; custom_padding=&#8221;0px||||false|false&#8221; global_colors_info=&#8221;{}&#8221;][et_pb_column type=&#8221;3_5&#8243; _builder_version=&#8221;4.16&#8243; _module_preset=&#8221;default&#8221; global_colors_info=&#8221;{}&#8221;][et_pb_text admin_label=&#8221;NEU | Eckenabrundung&#8221; _builder_version=&#8221;4.20.2&#8243; _module_preset=&#8221;default&#8221; global_colors_info=&#8221;{}&#8221;]<\/p>\n<h3>NEW | Corner rounding<\/h3>\n<p>On request in the following radius sizes: 4 mm, 6 mm, 9 mm<\/p>\n<p>[\/et_pb_text][et_pb_text admin_label=&#8221;Tipps&#8221; _builder_version=&#8221;4.20.2&#8243; _module_preset=&#8221;default&#8221; global_colors_info=&#8221;{}&#8221;]<\/p>\n<h3>Tips for print preparation<\/h3>\n<ul>\n<li>Create a PDF file in the final format + 3mm filler and crop marks.<\/li>\n<li>We select the right spiral thickness for you depending on the paper thickness and number of sheets. Here is a guide value for the spiral thickness calculated with 80g paper: <br \/>\n<table style=\"height: 115px; width: 100%; border-collapse: collapse; border-style: solid; border-color: #eeeeee;\" border=\"1\">\n<tbody>\n<tr style=\"height: 23px;\">\n<td style=\"width: 50%; height: 23px; border-style: solid; border-color: #eeeeee;\">Spiral thickness<\/td>\n<td style=\"width: 50%; height: 23px; border-style: solid; border-color: #eeeeee;\">Sheet<\/td>\n<\/tr>\n<tr style=\"height: 23px;\">\n<td style=\"width: 50%; height: 23px; border-style: solid; border-color: #eeeeee;\">Narrow to wide<\/td>\n<td style=\"width: 50%; height: 23px; border-style: solid; border-color: #eeeeee;\">up to 120 sheets<\/td>\n<\/tr>\n<tr style=\"height: 23px;\">\n<td style=\"width: 50%; height: 23px; border-style: solid; border-color: #eeeeee;\">Extra wide<\/td>\n<td style=\"width: 50%; height: 23px; border-style: solid; border-color: #eeeeee;\">from 120 sheets<\/td>\n<\/tr>\n<\/tbody>\n<\/table>\n<\/li>\n<\/ul>\n<p>[\/et_pb_text][\/et_pb_column][et_pb_column type=&#8221;2_5&#8243; _builder_version=&#8221;4.16&#8243; _module_preset=&#8221;default&#8221; global_colors_info=&#8221;{}&#8221;][et_pb_text admin_label=&#8221;Spiralbindung | Draht&#8221; _builder_version=&#8221;4.16&#8243; _module_preset=&#8221;default&#8221; locked=&#8221;off&#8221; global_colors_info=&#8221;{}&#8221;]<\/p>\n<h3>Spiral binding | Wire spiral<\/h3>\n\n<table id=\"tablepress-35\" class=\"tablepress tablepress-id-35 tbody-has-connected-cells\">\n<thead>\n<tr class=\"row-1\">\n\t<th class=\"column-1\">Spiralst\u00e4rke<\/th><th class=\"column-2\">Einzelpreis<br \/>\ninkl. 20% MwSt.<\/th>\n<\/tr>\n<\/thead>\n<tbody class=\"row-hover\">\n<tr class=\"row-2\">\n\t<td class=\"column-1\">schmal 3:1<\/td><td class=\"column-2\">5,00 \u20ac<\/td>\n<\/tr>\n<tr class=\"row-3\">\n\t<td class=\"column-1\">mittel 3:1<\/td><td class=\"column-2\">5,50 \u20ac<\/td>\n<\/tr>\n<tr class=\"row-4\">\n\t<td class=\"column-1\">breit 3:1<\/td><td class=\"column-2\">6,00 \u20ac<\/td>\n<\/tr>\n<tr class=\"row-5\">\n\t<td class=\"column-1\">extra breit 2:1<\/td><td class=\"column-2\">9,00 \u20ac<\/td>\n<\/tr>\n<tr class=\"row-6\">\n\t<td colspan=\"2\" class=\"column-1\">inkl. transparentem Deckblatt und einem wei\u00dfen\/schwarzen R\u00fcckenkarton<\/td>\n<\/tr>\n<tr class=\"row-7\">\n\t<td colspan=\"2\" class=\"column-1\">Drahtfarben: silber, schwarz, wei\u00df, rot, blau, gr\u00fcn<\/td>\n<\/tr>\n<tr class=\"row-8\">\n\t<td colspan=\"2\" class=\"column-1\">Aufpreis bei Querformat (Landscape) bzw Sonderformaten und \u00dcbergr\u00f6\u00dfen<\/td>\n<\/tr>\n<\/tbody>\n<\/table>\n<!-- #tablepress-35 from cache -->\n<p>[\/et_pb_text][et_pb_button button_url=&#8221;mailto:info@speedprint.wien?subject=Express-Drahtspiralbindung&#8221; button_text=&#8221;order by e-mail&#8221; _builder_version=&#8221;4.20.2&#8243; _module_preset=&#8221;default&#8221; custom_margin=&#8221;15px||15px||true|false&#8221; global_colors_info=&#8221;{}&#8221;][\/et_pb_button][\/et_pb_column][\/et_pb_row][\/et_pb_section]<\/p>\n","protected":false},"excerpt":{"rendered":"<p>Express wire spiral binding versatile, fast &amp; affordable &nbsp; Use this printing medium to present your documents professionally and neatly:Wire spiral binding. Choose from several colors. Includes a transparent protective film at the beginning and a 270g thick linen-embossed cardboard spine at the end. We deliver from this range from just ONE PIECE!Choose between different [&hellip;]<\/p>\n","protected":false},"author":1,"featured_media":3344,"parent":2822,"menu_order":0,"comment_status":"closed","ping_status":"closed","template":"","meta":{"_et_pb_use_builder":"on","_et_pb_old_content":"","_et_gb_content_width":"","_glsr_average":0,"_glsr_ranking":0,"_glsr_reviews":0,"footnotes":""},"class_list":["post-2877","page","type-page","status-publish","has-post-thumbnail","hentry"],"yoast_head":"<!-- This site is optimized with the Yoast SEO plugin v26.6 - https:\/\/yoast.com\/wordpress\/plugins\/seo\/ -->\n<title>Express wire spiral binding - speedprint.wien<\/title>\n<meta name=\"robots\" content=\"index, follow, max-snippet:-1, max-image-preview:large, max-video-preview:-1\" \/>\n<link rel=\"canonical\" href=\"https:\/\/speedprint.wien\/en\/products\/express-wire-spiral-binding\/\" \/>\n<meta property=\"og:locale\" content=\"en_US\" \/>\n<meta property=\"og:type\" content=\"article\" \/>\n<meta property=\"og:title\" content=\"Express wire spiral binding - speedprint.wien\" \/>\n<meta property=\"og:description\" content=\"Express wire spiral binding versatile, fast &amp; affordable &nbsp; Use this printing medium to present your documents professionally and neatly:Wire spiral binding. Choose from several colors. Includes a transparent protective film at the beginning and a 270g thick linen-embossed cardboard spine at the end. We deliver from this range from just ONE PIECE!Choose between different [&hellip;]\" \/>\n<meta property=\"og:url\" content=\"https:\/\/speedprint.wien\/en\/products\/express-wire-spiral-binding\/\" \/>\n<meta property=\"og:site_name\" content=\"speedprint.wien\" \/>\n<meta property=\"article:modified_time\" content=\"2026-02-19T10:41:33+00:00\" \/>\n<meta property=\"og:image\" content=\"https:\/\/speedprint.wien\/wp-content\/uploads\/2023\/05\/Speedprint-Wien-Express-Drahtspiralbindung-750px.jpg\" \/>\n\t<meta property=\"og:image:width\" content=\"750\" \/>\n\t<meta property=\"og:image:height\" content=\"500\" \/>\n\t<meta property=\"og:image:type\" content=\"image\/jpeg\" \/>\n<meta name=\"twitter:card\" content=\"summary_large_image\" \/>\n<meta name=\"twitter:label1\" content=\"Est. reading time\" \/>\n\t<meta name=\"twitter:data1\" content=\"3 minutes\" \/>\n<script type=\"application\/ld+json\" class=\"yoast-schema-graph\">{\"@context\":\"https:\/\/schema.org\",\"@graph\":[{\"@type\":\"WebPage\",\"@id\":\"https:\/\/speedprint.wien\/en\/products\/express-wire-spiral-binding\/\",\"url\":\"https:\/\/speedprint.wien\/en\/products\/express-wire-spiral-binding\/\",\"name\":\"Express wire spiral binding - speedprint.wien\",\"isPartOf\":{\"@id\":\"https:\/\/speedprint.wien\/en\/#website\"},\"primaryImageOfPage\":{\"@id\":\"https:\/\/speedprint.wien\/en\/products\/express-wire-spiral-binding\/#primaryimage\"},\"image\":{\"@id\":\"https:\/\/speedprint.wien\/en\/products\/express-wire-spiral-binding\/#primaryimage\"},\"thumbnailUrl\":\"https:\/\/speedprint.wien\/wp-content\/uploads\/2023\/05\/Speedprint-Wien-Express-Drahtspiralbindung-750px.jpg\",\"datePublished\":\"2023-05-12T08:35:40+00:00\",\"dateModified\":\"2026-02-19T10:41:33+00:00\",\"breadcrumb\":{\"@id\":\"https:\/\/speedprint.wien\/en\/products\/express-wire-spiral-binding\/#breadcrumb\"},\"inLanguage\":\"en-US\",\"potentialAction\":[{\"@type\":\"ReadAction\",\"target\":[\"https:\/\/speedprint.wien\/en\/products\/express-wire-spiral-binding\/\"]}]},{\"@type\":\"ImageObject\",\"inLanguage\":\"en-US\",\"@id\":\"https:\/\/speedprint.wien\/en\/products\/express-wire-spiral-binding\/#primaryimage\",\"url\":\"https:\/\/speedprint.wien\/wp-content\/uploads\/2023\/05\/Speedprint-Wien-Express-Drahtspiralbindung-750px.jpg\",\"contentUrl\":\"https:\/\/speedprint.wien\/wp-content\/uploads\/2023\/05\/Speedprint-Wien-Express-Drahtspiralbindung-750px.jpg\",\"width\":750,\"height\":500},{\"@type\":\"BreadcrumbList\",\"@id\":\"https:\/\/speedprint.wien\/en\/products\/express-wire-spiral-binding\/#breadcrumb\",\"itemListElement\":[{\"@type\":\"ListItem\",\"position\":1,\"name\":\"Startseite\",\"item\":\"https:\/\/speedprint.wien\/en\/home\/\"},{\"@type\":\"ListItem\",\"position\":2,\"name\":\"Products\",\"item\":\"https:\/\/speedprint.wien\/en\/products\/\"},{\"@type\":\"ListItem\",\"position\":3,\"name\":\"Express wire spiral binding\"}]},{\"@type\":\"WebSite\",\"@id\":\"https:\/\/speedprint.wien\/en\/#website\",\"url\":\"https:\/\/speedprint.wien\/en\/\",\"name\":\"speedprint.wien\",\"description\":\"Wir machen Druck\",\"publisher\":{\"@id\":\"https:\/\/speedprint.wien\/en\/#organization\"},\"potentialAction\":[{\"@type\":\"SearchAction\",\"target\":{\"@type\":\"EntryPoint\",\"urlTemplate\":\"https:\/\/speedprint.wien\/en\/?s={search_term_string}\"},\"query-input\":{\"@type\":\"PropertyValueSpecification\",\"valueRequired\":true,\"valueName\":\"search_term_string\"}}],\"inLanguage\":\"en-US\"},{\"@type\":\"Organization\",\"@id\":\"https:\/\/speedprint.wien\/en\/#organization\",\"name\":\"Speedprint Wien\",\"url\":\"https:\/\/speedprint.wien\/en\/\",\"logo\":{\"@type\":\"ImageObject\",\"inLanguage\":\"en-US\",\"@id\":\"https:\/\/speedprint.wien\/en\/#\/schema\/logo\/image\/\",\"url\":\"https:\/\/speedprint.wien\/wp-content\/uploads\/2020\/11\/speedprint-website-icon-w550.png\",\"contentUrl\":\"https:\/\/speedprint.wien\/wp-content\/uploads\/2020\/11\/speedprint-website-icon-w550.png\",\"width\":550,\"height\":550,\"caption\":\"Speedprint Wien\"},\"image\":{\"@id\":\"https:\/\/speedprint.wien\/en\/#\/schema\/logo\/image\/\"}}]}<\/script>\n<!-- \/ Yoast SEO plugin. -->","yoast_head_json":{"title":"Express wire spiral binding - speedprint.wien","robots":{"index":"index","follow":"follow","max-snippet":"max-snippet:-1","max-image-preview":"max-image-preview:large","max-video-preview":"max-video-preview:-1"},"canonical":"https:\/\/speedprint.wien\/en\/products\/express-wire-spiral-binding\/","og_locale":"en_US","og_type":"article","og_title":"Express wire spiral binding - speedprint.wien","og_description":"Express wire spiral binding versatile, fast &amp; affordable &nbsp; Use this printing medium to present your documents professionally and neatly:Wire spiral binding. Choose from several colors. Includes a transparent protective film at the beginning and a 270g thick linen-embossed cardboard spine at the end. We deliver from this range from just ONE PIECE!Choose between different [&hellip;]","og_url":"https:\/\/speedprint.wien\/en\/products\/express-wire-spiral-binding\/","og_site_name":"speedprint.wien","article_modified_time":"2026-02-19T10:41:33+00:00","og_image":[{"width":750,"height":500,"url":"https:\/\/speedprint.wien\/wp-content\/uploads\/2023\/05\/Speedprint-Wien-Express-Drahtspiralbindung-750px.jpg","type":"image\/jpeg"}],"twitter_card":"summary_large_image","twitter_misc":{"Est. reading time":"3 minutes"},"schema":{"@context":"https:\/\/schema.org","@graph":[{"@type":"WebPage","@id":"https:\/\/speedprint.wien\/en\/products\/express-wire-spiral-binding\/","url":"https:\/\/speedprint.wien\/en\/products\/express-wire-spiral-binding\/","name":"Express wire spiral binding - speedprint.wien","isPartOf":{"@id":"https:\/\/speedprint.wien\/en\/#website"},"primaryImageOfPage":{"@id":"https:\/\/speedprint.wien\/en\/products\/express-wire-spiral-binding\/#primaryimage"},"image":{"@id":"https:\/\/speedprint.wien\/en\/products\/express-wire-spiral-binding\/#primaryimage"},"thumbnailUrl":"https:\/\/speedprint.wien\/wp-content\/uploads\/2023\/05\/Speedprint-Wien-Express-Drahtspiralbindung-750px.jpg","datePublished":"2023-05-12T08:35:40+00:00","dateModified":"2026-02-19T10:41:33+00:00","breadcrumb":{"@id":"https:\/\/speedprint.wien\/en\/products\/express-wire-spiral-binding\/#breadcrumb"},"inLanguage":"en-US","potentialAction":[{"@type":"ReadAction","target":["https:\/\/speedprint.wien\/en\/products\/express-wire-spiral-binding\/"]}]},{"@type":"ImageObject","inLanguage":"en-US","@id":"https:\/\/speedprint.wien\/en\/products\/express-wire-spiral-binding\/#primaryimage","url":"https:\/\/speedprint.wien\/wp-content\/uploads\/2023\/05\/Speedprint-Wien-Express-Drahtspiralbindung-750px.jpg","contentUrl":"https:\/\/speedprint.wien\/wp-content\/uploads\/2023\/05\/Speedprint-Wien-Express-Drahtspiralbindung-750px.jpg","width":750,"height":500},{"@type":"BreadcrumbList","@id":"https:\/\/speedprint.wien\/en\/products\/express-wire-spiral-binding\/#breadcrumb","itemListElement":[{"@type":"ListItem","position":1,"name":"Startseite","item":"https:\/\/speedprint.wien\/en\/home\/"},{"@type":"ListItem","position":2,"name":"Products","item":"https:\/\/speedprint.wien\/en\/products\/"},{"@type":"ListItem","position":3,"name":"Express wire spiral binding"}]},{"@type":"WebSite","@id":"https:\/\/speedprint.wien\/en\/#website","url":"https:\/\/speedprint.wien\/en\/","name":"speedprint.wien","description":"Wir machen Druck","publisher":{"@id":"https:\/\/speedprint.wien\/en\/#organization"},"potentialAction":[{"@type":"SearchAction","target":{"@type":"EntryPoint","urlTemplate":"https:\/\/speedprint.wien\/en\/?s={search_term_string}"},"query-input":{"@type":"PropertyValueSpecification","valueRequired":true,"valueName":"search_term_string"}}],"inLanguage":"en-US"},{"@type":"Organization","@id":"https:\/\/speedprint.wien\/en\/#organization","name":"Speedprint Wien","url":"https:\/\/speedprint.wien\/en\/","logo":{"@type":"ImageObject","inLanguage":"en-US","@id":"https:\/\/speedprint.wien\/en\/#\/schema\/logo\/image\/","url":"https:\/\/speedprint.wien\/wp-content\/uploads\/2020\/11\/speedprint-website-icon-w550.png","contentUrl":"https:\/\/speedprint.wien\/wp-content\/uploads\/2020\/11\/speedprint-website-icon-w550.png","width":550,"height":550,"caption":"Speedprint Wien"},"image":{"@id":"https:\/\/speedprint.wien\/en\/#\/schema\/logo\/image\/"}}]}},"_links":{"self":[{"href":"https:\/\/speedprint.wien\/en\/wp-json\/wp\/v2\/pages\/2877","targetHints":{"allow":["GET"]}}],"collection":[{"href":"https:\/\/speedprint.wien\/en\/wp-json\/wp\/v2\/pages"}],"about":[{"href":"https:\/\/speedprint.wien\/en\/wp-json\/wp\/v2\/types\/page"}],"author":[{"embeddable":true,"href":"https:\/\/speedprint.wien\/en\/wp-json\/wp\/v2\/users\/1"}],"replies":[{"embeddable":true,"href":"https:\/\/speedprint.wien\/en\/wp-json\/wp\/v2\/comments?post=2877"}],"version-history":[{"count":10,"href":"https:\/\/speedprint.wien\/en\/wp-json\/wp\/v2\/pages\/2877\/revisions"}],"predecessor-version":[{"id":3441,"href":"https:\/\/speedprint.wien\/en\/wp-json\/wp\/v2\/pages\/2877\/revisions\/3441"}],"up":[{"embeddable":true,"href":"https:\/\/speedprint.wien\/en\/wp-json\/wp\/v2\/pages\/2822"}],"wp:featuredmedia":[{"embeddable":true,"href":"https:\/\/speedprint.wien\/en\/wp-json\/wp\/v2\/media\/3344"}],"wp:attachment":[{"href":"https:\/\/speedprint.wien\/en\/wp-json\/wp\/v2\/media?parent=2877"}],"curies":[{"name":"wp","href":"https:\/\/api.w.org\/{rel}","templated":true}]}}